{"id":17423,"date":"2024-05-14T16:12:07","date_gmt":"2024-05-14T14:12:07","guid":{"rendered":"https:\/\/www.7ctools.com\/prodotto\/gold-line-diamond-drill-bit-kit-drill-attachment\/"},"modified":"2024-05-14T16:12:07","modified_gmt":"2024-05-14T14:12:07","slug":"gold-line-diamond-drill-bit-kit-drill-attachment","status":"publish","type":"product","link":"https:\/\/www.7ctools.com\/en\/product\/gold-line-diamond-drill-bit-kit-drill-attachment\/","title":{"rendered":"Gold Line Diamond Drill Bit Kit Drill Attachment"},"content":{"rendered":"<p>7C Tools&#8217; &#8220;Gold Line&#8221; diamond drill bit kit, with drill attachment, offers a versatile, high-quality solution for drilling circular holes in hard surfaces such as porcelain, marble, ceramics and others.<br \/>\nThe set includes five sizes of drills (\u00d85, \u00d86, \u00d88, \u00d810, \u00d812) contained in a handy plastic box.<br \/>\nDesigned to reduce vibration and noise, these core drills ensure an optimal working experience, improving accuracy and efficiency.<br \/>\nIdeal for construction professionals and do-it-yourself enthusiasts, 7C Tools&#8217; &#8220;Gold Line&#8221; core drill kit is an indispensable component for drilling high-quality holes in hard materials.     &nbsp;<\/p>\n","protected":false},"excerpt":{"rendered":"<p>&#8220;Gold Line&#8221; diamond drill bit kit with drill attachment, includes 5 sizes (\u00d85, \u00d86, \u00d88, \u00d810, \u00d812).<br \/>\nIdeal for drilling holes on hard surfaces such as porcelain, marble, ceramic.<br \/>\nLow vibration and little noise.  <\/p>\n","protected":false},"featured_media":15606,"template":"","meta":{"site-sidebar-layout":"default","site-content-layout":"","ast-site-content-layout":"default","site-content-style":"default","site-sidebar-style":"default","ast-global-header-display":"","ast-banner-title-visibility":"","ast-main-header-display":"","ast-hfb-above-header-display":"","ast-hfb-below-header-display":"","ast-hfb-mobile-header-display":"","site-post-title":"","ast-breadcrumbs-content":"","ast-featured-img":"","footer-sml-layout":"","ast-disable-related-posts":"","theme-transparent-header-meta":"default","adv-header-id-meta":"","stick-header-meta":"","header-above-stick-meta":"","header-main-stick-meta":"","header-below-stick-meta":"","astra-migrate-meta-layouts":"default","ast-page-background-enabled":"default","ast-page-background-meta":{"desktop":{"background-color":"var(--ast-global-color-4)","background-image":"","background-repeat":"repeat","background-position":"center center","background-size":"auto","background-attachment":"scroll","background-type":"","background-media":"","overlay-type":"","overlay-color":"","overlay-opacity":"","overlay-gradient":""},"tablet":{"background-color":"","background-image":"","background-repeat":"repeat","background-position":"center center","background-size":"auto","background-attachment":"scroll","background-type":"","background-media":"","overlay-type":"","overlay-color":"","overlay-opacity":"","overlay-gradient":""},"mobile":{"background-color":"","background-image":"","background-repeat":"repeat","background-position":"center center","background-size":"auto","background-attachment":"scroll","background-type":"","background-media":"","overlay-type":"","overlay-color":"","overlay-opacity":"","overlay-gradient":""}},"ast-content-background-meta":{"desktop":{"background-color":"var(--ast-global-color-5)","background-image":"","background-repeat":"repeat","background-position":"center center","background-size":"auto","background-attachment":"scroll","background-type":"","background-media":"","overlay-type":"","overlay-color":"","overlay-opacity":"","overlay-gradient":""},"tablet":{"background-color":"var(--ast-global-color-5)","background-image":"","background-repeat":"repeat","background-position":"center center","background-size":"auto","background-attachment":"scroll","background-type":"","background-media":"","overlay-type":"","overlay-color":"","overlay-opacity":"","overlay-gradient":""},"mobile":{"background-color":"var(--ast-global-color-5)","background-image":"","background-repeat":"repeat","background-position":"center center","background-size":"auto","background-attachment":"scroll","background-type":"","background-media":"","overlay-type":"","overlay-color":"","overlay-opacity":"","overlay-gradient":""}}},"product_brand":[],"product_cat":[417],"product_tag":[],"class_list":{"0":"post-17423","1":"product","2":"type-product","3":"status-publish","4":"has-post-thumbnail","6":"product_cat-diamond-core-bits","7":"desktop-align-left","8":"tablet-align-left","9":"mobile-align-left","10":"ast-product-gallery-layout-vertical-slider","11":"ast-magnify-disabled","12":"ast-product-tabs-layout-horizontal","14":"first","15":"instock","16":"taxable","17":"shipping-taxable","18":"purchasable","19":"product-type-simple"},"_links":{"self":[{"href":"https:\/\/www.7ctools.com\/en\/wp-json\/wp\/v2\/product\/17423","targetHints":{"allow":["GET"]}}],"collection":[{"href":"https:\/\/www.7ctools.com\/en\/wp-json\/wp\/v2\/product"}],"about":[{"href":"https:\/\/www.7ctools.com\/en\/wp-json\/wp\/v2\/types\/product"}],"wp:featuredmedia":[{"embeddable":true,"href":"https:\/\/www.7ctools.com\/en\/wp-json\/wp\/v2\/media\/15606"}],"wp:attachment":[{"href":"https:\/\/www.7ctools.com\/en\/wp-json\/wp\/v2\/media?parent=17423"}],"wp:term":[{"taxonomy":"product_brand","embeddable":true,"href":"https:\/\/www.7ctools.com\/en\/wp-json\/wp\/v2\/product_brand?post=17423"},{"taxonomy":"product_cat","embeddable":true,"href":"https:\/\/www.7ctools.com\/en\/wp-json\/wp\/v2\/product_cat?post=17423"},{"taxonomy":"product_tag","embeddable":true,"href":"https:\/\/www.7ctools.com\/en\/wp-json\/wp\/v2\/product_tag?post=17423"}],"curies":[{"name":"wp","href":"https:\/\/api.w.org\/{rel}","templated":true}]}}