{"id":17429,"date":"2024-05-14T16:07:31","date_gmt":"2024-05-14T14:07:31","guid":{"rendered":"https:\/\/www.7ctools.com\/prodotto\/gold-line-diamond-drill-bit-set-in-case-7pcs\/"},"modified":"2024-05-14T16:07:31","modified_gmt":"2024-05-14T14:07:31","slug":"gold-line-diamond-drill-bit-set-in-case-7pcs","status":"publish","type":"product","link":"https:\/\/www.7ctools.com\/en\/product\/gold-line-diamond-drill-bit-set-in-case-7pcs\/","title":{"rendered":"Gold Line Diamond Drill Bit Set in Case 7pcs"},"content":{"rendered":"<p>7C Tools&#8217; &#8220;Gold Line&#8221; diamond drill bit set, with M14 grinder attachment, is designed to provide excellent performance in drilling hard surfaces.<br \/>\nThis kit includes seven drill bits of different sizes (\u00d810, \u00d820, \u00d830, \u00d835, \u00d840, \u00d855, \u00d860) contained in a handy case for easy transport and organization.<br \/>\nIdeal for drilling materials such as porcelain tile, single-fired, ceramic, granite, and marble, these drills provide an optimal work experience with reduced vibration and low noise level.<br \/>\nPerfect for construction professionals and do-it-yourself enthusiasts, 7C Tools&#8217; &#8220;Gold Line&#8221; drills ensure precision, efficiency and durability.   <\/p>\n","protected":false},"excerpt":{"rendered":"<p>&#8220;Gold Line&#8221; diamond drill bit set with M14 attachment for grinder, includes 7 sizes (\u00d810, \u00d820, \u00d830, \u00d835, \u00d840, \u00d855, \u00d860).<br \/>\nIdeal for drilling holes in hard surfaces such as porcelain, ceramic, granite and marble.<br \/>\nLow vibration and little noise.  <\/p>\n","protected":false},"featured_media":15582,"template":"","meta":{"site-sidebar-layout":"default","site-content-layout":"","ast-site-content-layout":"default","site-content-style":"default","site-sidebar-style":"default","ast-global-header-display":"","ast-banner-title-visibility":"","ast-main-header-display":"","ast-hfb-above-header-display":"","ast-hfb-below-header-display":"","ast-hfb-mobile-header-display":"","site-post-title":"","ast-breadcrumbs-content":"","ast-featured-img":"","footer-sml-layout":"","ast-disable-related-posts":"","theme-transparent-header-meta":"default","adv-header-id-meta":"","stick-header-meta":"","header-above-stick-meta":"","header-main-stick-meta":"","header-below-stick-meta":"","astra-migrate-meta-layouts":"default","ast-page-background-enabled":"default","ast-page-background-meta":{"desktop":{"background-color":"var(--ast-global-color-4)","background-image":"","background-repeat":"repeat","background-position":"center center","background-size":"auto","background-attachment":"scroll","background-type":"","background-media":"","overlay-type":"","overlay-color":"","overlay-opacity":"","overlay-gradient":""},"tablet":{"background-color":"","background-image":"","background-repeat":"repeat","background-position":"center center","background-size":"auto","background-attachment":"scroll","background-type":"","background-media":"","overlay-type":"","overlay-color":"","overlay-opacity":"","overlay-gradient":""},"mobile":{"background-color":"","background-image":"","background-repeat":"repeat","background-position":"center center","background-size":"auto","background-attachment":"scroll","background-type":"","background-media":"","overlay-type":"","overlay-color":"","overlay-opacity":"","overlay-gradient":""}},"ast-content-background-meta":{"desktop":{"background-color":"var(--ast-global-color-5)","background-image":"","background-repeat":"repeat","background-position":"center center","background-size":"auto","background-attachment":"scroll","background-type":"","background-media":"","overlay-type":"","overlay-color":"","overlay-opacity":"","overlay-gradient":""},"tablet":{"background-color":"var(--ast-global-color-5)","background-image":"","background-repeat":"repeat","background-position":"center center","background-size":"auto","background-attachment":"scroll","background-type":"","background-media":"","overlay-type":"","overlay-color":"","overlay-opacity":"","overlay-gradient":""},"mobile":{"background-color":"var(--ast-global-color-5)","background-image":"","background-repeat":"repeat","background-position":"center center","background-size":"auto","background-attachment":"scroll","background-type":"","background-media":"","overlay-type":"","overlay-color":"","overlay-opacity":"","overlay-gradient":""}}},"product_brand":[],"product_cat":[417],"product_tag":[],"class_list":{"0":"post-17429","1":"product","2":"type-product","3":"status-publish","4":"has-post-thumbnail","6":"product_cat-diamond-core-bits","7":"desktop-align-left","8":"tablet-align-left","9":"mobile-align-left","10":"ast-product-gallery-layout-vertical-slider","11":"ast-magnify-disabled","12":"ast-product-tabs-layout-horizontal","14":"first","15":"instock","16":"taxable","17":"shipping-taxable","18":"purchasable","19":"product-type-simple"},"_links":{"self":[{"href":"https:\/\/www.7ctools.com\/en\/wp-json\/wp\/v2\/product\/17429","targetHints":{"allow":["GET"]}}],"collection":[{"href":"https:\/\/www.7ctools.com\/en\/wp-json\/wp\/v2\/product"}],"about":[{"href":"https:\/\/www.7ctools.com\/en\/wp-json\/wp\/v2\/types\/product"}],"wp:featuredmedia":[{"embeddable":true,"href":"https:\/\/www.7ctools.com\/en\/wp-json\/wp\/v2\/media\/15582"}],"wp:attachment":[{"href":"https:\/\/www.7ctools.com\/en\/wp-json\/wp\/v2\/media?parent=17429"}],"wp:term":[{"taxonomy":"product_brand","embeddable":true,"href":"https:\/\/www.7ctools.com\/en\/wp-json\/wp\/v2\/product_brand?post=17429"},{"taxonomy":"product_cat","embeddable":true,"href":"https:\/\/www.7ctools.com\/en\/wp-json\/wp\/v2\/product_cat?post=17429"},{"taxonomy":"product_tag","embeddable":true,"href":"https:\/\/www.7ctools.com\/en\/wp-json\/wp\/v2\/product_tag?post=17429"}],"curies":[{"name":"wp","href":"https:\/\/api.w.org\/{rel}","templated":true}]}}